{"id":2709,"date":"2022-07-19T14:25:48","date_gmt":"2022-07-19T12:25:48","guid":{"rendered":"http:\/\/www.domypodbabia.pl\/?page_id=2709"},"modified":"2023-03-29T10:58:46","modified_gmt":"2023-03-29T08:58:46","slug":"regulamin","status":"publish","type":"page","link":"https:\/\/www.domypodbabia.pl\/index.php\/regulamin\/","title":{"rendered":"Regulamin"},"content":{"rendered":"\n<div class=\"wp-block-columns is-layout-flex wp-container-core-columns-is-layout-9d6595d7 wp-block-columns-is-layout-flex\">\n<div class=\"wp-block-column is-layout-flow wp-block-column-is-layout-flow\" style=\"flex-basis:10%\"><\/div>\n\n\n\n<div class=\"wp-block-column is-layout-flow wp-block-column-is-layout-flow\" style=\"flex-basis:80%\">\n<p class=\"has-text-align-center\"><strong>\u00a7 1. Postanowienia og\u00f3lne<\/strong><\/p>\n\n\n\n<p class=\"has-text-align-center\">1. Niniejszy Regulamin okre\u015bla przedmiot \u015bwiadczenia us\u0142ug, odpowiedzialno\u015b\u0107 oraz zasad przebywania na terenie Kompleksu \u201eDomy pod Babi\u0105\u201d po\u0142o\u017conego w miejscowo\u015bci Zawoja.<\/p>\n\n\n\n<p class=\"has-text-align-center\">2. Regulamin jest integralna cz\u0119\u015bci\u0105 umowy, do zawarcia kt\u00f3rej dochodzi w momencie zakwaterowania jak r\u00f3wnie\u017c poprzez dokonanie czynno\u015bci konkludentnych (tj. dorozumianych) w szczeg\u00f3lno\u015bci poprzez dokonanie rezerwacji i\/lub dokonanie wp\u0142aty zaliczki lub ca\u0142ej op\u0142aty za pobyt. Dokonuj\u0105c powy\u017cszych czynno\u015bci ka\u017cdy Go\u015b\u0107 potwierdza, i\u017c zapozna\u0142 si\u0119 z Regulaminem, akceptuje i wyra\u017ca zgod\u0119 na warunki zawarte w Regulaminie.<\/p>\n\n\n\n<p class=\"has-text-align-center\">3. Podmiotem \u015bwiadcz\u0105cym us\u0142ugi jest EMPTOR Rafa\u0142 Tusznio z siedzib\u0105 w Krakowie przy ul. Radzikowskiego 77a\/54, NIP: 663-11-26-564.<\/p>\n\n\n\n<p class=\"has-text-align-center\">4. Definicje:<\/p>\n\n\n\n<p class=\"has-text-align-center\">1. Kompleks \u201eDomy pod Babi\u0105\u201d (zwan\u0105 w dalszej cz\u0119\u015bci Regulaminu \u201eKompleksem\u201d) &#8211; ca\u0142a infrastruktura znajduj\u0105ca si\u0119 na dzia\u0142ce pod adresami Zawoja 2911 i Zawoja 2912, domy mieszkalne oraz infrastruktura rekreacyjna: miejsca grillowe, sauna, ruska bania, plac zabaw, basen.<\/p>\n\n\n\n<p class=\"has-text-align-center\">2. Dom &#8211; obiekt lub obiekty mieszkalne wchodz\u0105ce w sk\u0142ad kompleksu \u201eDomy pod Babia\u201d<\/p>\n\n\n\n<p class=\"has-text-align-center\">3. Budynek gospodarczy &#8211; obiekt niemieszkalny, stanowi\u0105cy zaplecze techniczne kompleksu oraz w cz\u0119\u015bci przeznaczonej dla Go\u015bci miejsce przechowywania sprz\u0119tu sportowego oraz rekreacyjnego na u\u017cytek Go\u015bci.<\/p>\n\n\n\n<p class=\"has-text-align-center\">4. Wynajmuj\u0105cy &#8211; EMPTOR Rafa\u0142 Tusznio, ul. Radzikowskiego 77a\/54, 31-315 Krak\u00f3w.<\/p>\n\n\n\n<p class=\"has-text-align-center\">5. Najemca\/Go\u015b\u0107 &#8211; osoba dokonuj\u0105ca najmu, zakwaterowana, korzystaj\u0105ca z domu i z us\u0142ug w Kompleksie \u201eDomy pod Babi\u0105\u201d.<\/p>\n\n\n\n<p class=\"has-text-align-center\">5. Regulamin obowi\u0105zuje wszystkie osoby przebywaj\u0105ce na terenie Kompleksu \u201eDomy pod Babi\u0105\u201d.<\/p>\n\n\n\n<p class=\"has-text-align-center\">6. Regulamin jest dost\u0119pny do wgl\u0105du w Domu lub na stronie internetowej www.domypodbabia.pl<\/p>\n\n\n\n<p class=\"has-text-align-center\">7. Parking na terenie kompleksu przeznaczony dla Go\u015bci jest bezp\u0142atny, niestrze\u017cony i monitorowany. Parkowanie dozwolone jest wy\u0142\u0105cznie w wyznaczonym do tego miejscu.<\/p>\n\n\n\n<p class=\"has-text-align-center\">8. Teren Kompleksu \u201eDomy pod Babi\u0105\u201d nie mo\u017ce by\u0107 wykorzystywany w celach komercyjnych i reklamowych bez zgody w\u0142a\u015bcicieli miejsca. Tego rodzaju dzia\u0142ania zostan\u0105 uregulowane odr\u0119bn\u0105 umow\u0105 na warunkach i zasadach w niej okre\u015blonych.<\/p>\n\n\n\n<p class=\"has-text-align-center\">9. Najemca chc\u0105c udokumentowa\u0107 transakcj\u0119 faktur\u0105 VAT powinien w momencie dokonywania<\/p>\n\n\n\n<p class=\"has-text-align-center\">rezerwacji zg\u0142osi\u0107 ten fakt Wynajmuj\u0105cemu i poda\u0107 dane nabywcy.<\/p>\n\n\n\n<p class=\"has-text-align-center\"><strong>\u00a7 2. Rezerwacja i p\u0142atno\u015bci<\/strong><\/p>\n\n\n\n<p class=\"has-text-align-center\">1. Warunkiem rezerwacji Domu jest wp\u0142ata zadatku w wysoko\u015bci 30% ca\u0142o\u015bci kwoty wynajmu wskazanej na dokumencie potwierdzenia rezerwacji. Rezerwacja jest potwierdzona w chwili zaksi\u0119gowania zadatku na koncie Wynajmuj\u0105cego lub po przes\u0142aniu przez Najemc\u0119 potwierdzenia przelewu. Czas na dokonanie wp\u0142aty zaliczki wynosi 48 godzin. Brak wp\u0142aty zadatku rozumiemy jest jako rezygnacja.<\/p>\n\n\n\n<p class=\"has-text-align-center\">2. W przypadku rezygnacji z rezerwacji wp\u0142acony zadatek nie podlega zwrotowi.<\/p>\n\n\n\n<p class=\"has-text-align-center\">3. W przypadku, gdy Go\u015b\u0107 nie pojawi si\u0119 w Kompleksie w planowanym dniu przyjazdu, oznacza to rezygnacj\u0119 Go\u015bcia z rezerwacji i wp\u0142acona kwota za pobyt nie zostanie zwr\u00f3cona.<\/p>\n\n\n\n<p class=\"has-text-align-center\">4. Pozosta\u0142a cz\u0119\u015b\u0107 kwoty za pobyt wynikaj\u0105ca z dokumentu potwierdzenia rezerwacji jest pobierana z g\u00f3ry, na konto najp\u00f3\u017aniej do 14 dni roboczych przed przyjazdem.<\/p>\n\n\n\n<p class=\"has-text-align-center\">5. W przypadku wcze\u015bniejszego wyjazdu, nie przys\u0142uguje prawo zwrotu pieni\u0119dzy za niewykorzystane dni pobytu.<\/p>\n\n\n\n<p class=\"has-text-align-center\">Najemca zobowi\u0105zany jest do okazania dokumentu to\u017csamo\u015bci w celu potwierdzenia to\u017csamo\u015bci w dniu przyjazdu oraz wskazania pozosta\u0142ych Go\u015bci.<\/p>\n\n\n\n<p class=\"has-text-align-center\">6. \u017byczenie przed\u0142u\u017cenia pobytu o kolejne dni poza okres wskazanym w rezerwacji, Go\u015b\u0107 powinien zg\u0142osi\u0107 Wynajmuj\u0105cemu do godziny 20:00 dnia poprzedzaj\u0105cego dzie\u0144, w kt\u00f3rym up\u0142ywa termin najmu domu. Przed\u0142u\u017cenie pobytu jest mo\u017cliwe w zale\u017cno\u015bci od posiadanych wolnych termin\u00f3w. Przed\u0142u\u017cenie pobytu jest dodatkowo p\u0142atne.<\/p>\n\n\n\n<p class=\"has-text-align-center\">7. W momencie dokonywania rezerwacji Najemca wyra\u017ca zgod\u0119 na umieszczenie swoich danych osobowych w bazie danych Wynajmuj\u0105cego. Dane te b\u0119d\u0105 wykorzystywane wy\u0142\u0105cznie w celu umo\u017cliwienia przeprowadzenia pe\u0142nego procesu rezerwacji.<\/p>\n\n\n\n<p class=\"has-text-align-center\">8. Administratorem danych osobowych jest EMPTOR Rafa\u0142 Tusznio z siedzib\u0105 w Krakowie przy ul. Radzikowskiego 77a\/54. Szczeg\u00f3\u0142owe zasady przetwarzania danych osobowych znajduj\u0105 si\u0119 na stronie internetowej www.domypodbabia.pl w zak\u0142adce \u201ePolityka prywatno\u015bci\u201d.<\/p>\n\n\n\n<p class=\"has-text-align-center\"><strong>\u00a7 3. Pobyt i zakwaterowanie<\/strong><\/p>\n\n\n\n<p class=\"has-text-align-center\">1. Na terenie kompleksu obowi\u0105zuje cisza nocna w godzinach 22:00 &#8211; 7:00.<\/p>\n\n\n\n<p class=\"has-text-align-center\">2. Osoby odwiedzaj\u0105ce\/niezakwaterowane mog\u0105 przebywa\u0107 na terenie Kompleksu w godzinach 7:00-22:00<\/p>\n\n\n\n<p class=\"has-text-align-center\">3. Zakwaterowanie i wykwaterowanie nast\u0119puje na terenie Kompleksu \u201eDomy pod Babi\u0105\u201d w obecno\u015bci Wynajmuj\u0105cego lub osoby przez niego upowa\u017cnionej.<\/p>\n\n\n\n<p class=\"has-text-align-center\">4. Doba hotelowa zaczyna si\u0119 o godz. 15:00 w dniu przyjazdu, a ko\u0144czy o godz. 11:00 w dniu wyjazdu. Mo\u017cliwe s\u0105 indywidualne godziny przyjazdu i wyjazdu, do ustalenia z Wynajmuj\u0105cym.<\/p>\n\n\n\n<p class=\"has-text-align-center\">5. Wynajem dotyczy ka\u017cdorazowo ca\u0142ego Domu na terenie Kompleksu \u201eDomy pod Babi\u0105.\u201d dla maksymalnie 8 os\u00f3b. Minimalny czas wynaj\u0119cia to 2 doby.<\/p>\n\n\n\n<p class=\"has-text-align-center\">6. Go\u015b\u0107 zobowi\u0105zany jest do poinformowania Wynajmuj\u0105cego o planowanej godzinie dotarcia do<\/p>\n\n\n\n<p class=\"has-text-align-center\">Domu, najp\u00f3\u017aniej na 2 godziny przed przyjazdem.<\/p>\n\n\n\n<p class=\"has-text-align-center\">7. Pozostanie na terenie obiektu lub pozostawienie swoich rzeczy, bez wcze\u015bniejszego ustalenia z Wynajmuj\u0105cym po godzinie 11:00 w dniu wyjazdu jest traktowane jako przed\u0142u\u017cenie pobytu, a Wynajmuj\u0105cy ma prawo naliczy\u0107 op\u0142at\u0119 za kolejn\u0105 dob\u0119 wed\u0142ug obowi\u0105zuj\u0105cego cennika.<\/p>\n\n\n\n<p class=\"has-text-align-center\">8. Przedmioty pozostawione przez Go\u015bci na terenie obiektu, po zako\u0144czeniu pobytu nie b\u0119d\u0105 przechowywane.<\/p>\n\n\n\n<p class=\"has-text-align-center\">9. Umowa zawarta pomi\u0119dzy Wynajmuj\u0105cym Kompleksem \u201eDomy pod Babi\u0105\u201d a Go\u015bciem obejmuje tylko i wy\u0142\u0105cznie wynajem Domu i przynale\u017cn\u0105 do niego infrastruktur\u0119 rekreacyjn\u0105. Nie obejmuje dojazdu, wy\u017cywienia oraz organizacji czasu pobytu.<\/p>\n\n\n\n<p class=\"has-text-align-center\">10. Palenie ogniska i grilla mo\u017ce odby\u0107 si\u0119 tylko w miejscu do tego wyznaczonym przez Wynajmuj\u0105cego.<\/p>\n\n\n\n<p class=\"has-text-align-center\">11. W pomieszczeniach mieszkalnych oraz innych obiektach na terenie Kompleksu \u201eDomy pod Babi\u0105\u201d obowi\u0105zuje ca\u0142kowity zakaz palenia wyrob\u00f3w tytoniowych.<\/p>\n\n\n\n<p class=\"has-text-align-center\">12. Za naruszenie punktu 10 i 11 niniejszego paragrafu Go\u015b\u0107 mo\u017ce zosta\u0107 obci\u0105\u017cony dodatkow\u0105 kar\u0105 pieni\u0119\u017cn\u0105 w wysoko\u015bci do 1000 z\u0142.<\/p>\n\n\n\n<p class=\"has-text-align-center\">13. Palenie na zewn\u0105trz Domu jest mo\u017cliwe, jednak obowi\u0105zuje wyrzucanie niedopa\u0142k\u00f3w do specjalnie przygotowanych pojemnik\u00f3w na terenie Kompleksu.<\/p>\n\n\n\n<p class=\"has-text-align-center\">14. W Domu nie mo\u017cna chodzi\u0107 w zab\u0142oconych i mokrych butach. Prosimy o u\u017cywanie obuwia zmiennego wewn\u0105trz Domu.<\/p>\n\n\n\n<p class=\"has-text-align-center\">15. W Domku obowi\u0105zuje segregacja \u015bmieci.<\/p>\n\n\n\n<p class=\"has-text-align-center\">16. Obowi\u0105zuje ca\u0142kowity zakaz wynoszenia z Domu element\u00f3w jego wyposa\u017cenia (np. meble, urz\u0105dzenia elektryczne, r\u0119czniki, poduszki, talerze itp.).<\/p>\n\n\n\n<p class=\"has-text-align-center\">17. Zakaz opisany w pkt. 16. nie dotyczy koszy piknikowych, rower\u00f3w, zestawu do nordic walking i innych rzeczy udost\u0119pnionych Go\u015bciom do wykorzystania r\u00f3wnie\u017c poza terenem Kompleksu w trakcie pobytu. Wszystkie rzeczy po wykorzystaniu ich podlegaj\u0105 zwrotowi.<\/p>\n\n\n\n<p class=\"has-text-align-center\">18. Dozwolone jest u\u017cywanie kuchennych akcesori\u00f3w oraz tekstyli\u00f3w na tarasie przyleg\u0142ym do Domu.<\/p>\n\n\n\n<p class=\"has-text-align-center\">19. Ka\u017cdorazowo Go\u015b\u0107 opuszczaj\u0105cy Dom, ze wzgl\u0119d\u00f3w bezpiecze\u0144stwa, powinien zgasi\u0107 \u015bwiat\u0142o, zakr\u0119ci\u0107 krany oraz zamkn\u0105\u0107 okna i drzwi (poprzez zatrza\u015bni\u0119cie).<\/p>\n\n\n\n<p class=\"has-text-align-center\">20. Go\u015b\u0107 otrzymuje unikalny kod, kt\u00f3ry umo\u017cliwia mu dost\u0119p do Domu, bramy i budynku gospodarczego.<\/p>\n\n\n\n<p class=\"has-text-align-center\">21. Pozostawienie rzeczy osobistych w pomieszczeniach wsp\u00f3lnych Kompleksu \u201eDomy pod Babi\u0105\u201d, takich jak np. taras, altana jest wy\u0142\u0105cznie na w\u0142asn\u0105 odpowiedzialno\u015b\u0107.<\/p>\n\n\n\n<p class=\"has-text-align-center\">22. Obs\u0142uga obiektu nie ma prawa bez zgody Go\u015bcia wchodzi\u0107 do wynaj\u0119tego Domu, a tym bardziej przemieszczania jego osobistych rzeczy. Prawo wej\u015bcia do wynaj\u0119tego Domu pozostawia si\u0119 jedynie w przypadku zauwa\u017cenia zagro\u017ce\u0144 bezpiecze\u0144stwa Go\u015bci lub w przypadku niestosowania si\u0119 Go\u015bci do Regulaminu Domu.<\/p>\n\n\n\n<p class=\"has-text-align-center\">23. Najemca zobowi\u0105zany jest u\u017cywa\u0107 Domu zgodnie z jego w\u0142a\u015bciwo\u015bciami i przeznaczeniem.<\/p>\n\n\n\n<p class=\"has-text-align-center\">24. Dom jest wyposa\u017cony w wolnostoj\u0105cy piec \u017celiwny \u201ekoz\u0119\u201d \/ kominek. Do palenia w \u201ekozie\u201d \/kominku u\u017cywa si\u0119 wy\u0142\u0105cznie udost\u0119pnionego przez Wynajmuj\u0105cego drewna. Zabrania si\u0119 stawiania przedmiot\u00f3w na rozgrzanym piecu, u\u017cywania i przechowywania podpa\u0142ek p\u0142ynnych, palenia opa\u0142em niedostarczonym przez Wynajmuj\u0105cego oraz doprowadzania do zadymienia pomieszcze\u0144 Domu. Wynajmuj\u0105cy nie ponosi odpowiedzialno\u015bci za uszkodzenia cia\u0142a, uszczerbku na zdrowiu lub inne szkody powsta\u0142e w wyniku nieszcz\u0119\u015bliwego wypadku b\u0119d\u0105cego wynikiem nieprawid\u0142owego korzystania z pieca przez Go\u015bcia i osoby przez niego wskazane jako przebywaj\u0105ce wraz z nim w Domu w okresie najmu.<\/p>\n\n\n\n<p class=\"has-text-align-center\">25. W Domu, w widocznym miejscu znajduj\u0105 si\u0119 ga\u015bnice, kt\u00f3rych nale\u017cy u\u017cy\u0107 w przypadku pojawienia si\u0119 ognia oraz nale\u017cy niezw\u0142ocznie o tym zdarzeniu poinformowa\u0107 Wynajmuj\u0105cego. Nieuzasadnione u\u017cycie ga\u015bnicy wi\u0105\u017ce si\u0119 z kar\u0105 w wysoko\u015bci 350 z\u0142 za sprz\u0105tanie i now\u0105 ga\u015bnic\u0119.<\/p>\n\n\n\n<p class=\"has-text-align-center\">26. Ze wzgl\u0119du na wymagania ochrony przeciwpo\u017carowej w Domu zabrania si\u0119:<\/p>\n\n\n\n<p class=\"has-text-align-center\">A. U\u017cywa\u0107 jakichkolwiek przyrz\u0105d\u00f3w lub aparat\u00f3w zasilanych energi\u0105 elektryczn\u0105 lub gazow\u0105, nie b\u0119d\u0105cych wyposa\u017ceniem tych pomieszcze\u0144 i mog\u0105cych wytworzy\u0107 zagro\u017cenie po\u017carowe np. grza\u0142ek elektrycznych, grzejnik\u00f3w, palnik\u00f3w gazowych.<\/p>\n\n\n\n<p class=\"has-text-align-center\">B. Wnoszenia \u0142atwopalnych materia\u0142\u00f3w, materia\u0142\u00f3w wybuchowych, fajerwerk\u00f3w oraz materia\u0142\u00f3w o nieprzyjemnym zapachu.<\/p>\n\n\n\n<p class=\"has-text-align-center\">C. Rozpalanie ogniska lub u\u017cywanie grilla mo\u017cliwe jest wy\u0142\u0105cznie w miejscu do tego przeznaczonym. Na terenie lasu obowi\u0105zuje CA\u0141KOWITY ZAKAZ u\u017cywania otwartego ognia.<\/p>\n\n\n\n<p class=\"has-text-align-center\">27. W przypadku wyst\u0105pienia usterek technicznych Go\u015b\u0107 proszony jest o jak najszybsze zg\u0142aszanie ich Wynajmuj\u0105cemu, co umo\u017cliwi odpowiedni\u0105 reakcj\u0119 oraz dzia\u0142anie.<\/p>\n\n\n\n<p class=\"has-text-align-center\">28. Go\u015b\u0107 nie ma prawa bez wcze\u015bniejszej pisemnej zgody Wynajmuj\u0105cego Kompleksu \u201eDomy pod Babi\u0105\u201d, dokonywa\u0107 jakichkolwiek napraw lub czyni\u0107 jakichkolwiek nak\u0142ad\u00f3w lub zmian w Domu i na jego terenie. O konieczno\u015bci dokonania napraw lub nak\u0142ad\u00f3w Najemca zobowi\u0105zany jest niezw\u0142ocznie poinformowa\u0107 Wynajmuj\u0105cego.<\/p>\n\n\n\n<p class=\"has-text-align-center\">29. Uwagi co do zastanych uszkodze\u0144 i zniszcze\u0144 nale\u017cy zg\u0142osi\u0107 natychmiast do Wynajmuj\u0105cego. Wynajmuj\u0105cy dopuszcza mo\u017cliwo\u015b\u0107 stwierdzenia uszkodze\u0144 tzw. ukrytych. Brak uwag ze strony Go\u015bcia, co do takich uszkodze\u0144 w ci\u0105gu 4 godzin po otrzymaniu kluczy oznacza, \u017ce Go\u015b\u0107 nie ma zastrze\u017ce\u0144 co do ca\u0142ego Kompleksu, a wszystkie urz\u0105dzenia i meble znajduj\u0105 si\u0119 w ilo\u015bci zgodnej z zestawieniem wyposa\u017cenia i w dobrym stanie.<\/p>\n\n\n\n<p class=\"has-text-align-center\">30. Cena us\u0142ug \u015bwiadczonych przez w\u0142a\u015bciciela nie obejmuje koszt\u00f3w ubezpieczenia. Z us\u0142ug korzystaj\u0105 Go\u015bcie na w\u0142asne ryzyko. Za doznane urazy, szkody i zniszczenie maj\u0105tku (szkody spowodowane na zdrowiu i maj\u0105tku trzeciej osoby), r\u00f3wnie\u017c za kradzie\u017c baga\u017cy w czasie ca\u0142ego pobytu, w\u0142a\u015bciciel nie ponosi odpowiedzialno\u015bci.<\/p>\n\n\n\n<p class=\"has-text-align-center\"><strong>\u00a7 4. Odpowiedzialno\u015b\u0107 Go\u015bci<\/strong><\/p>\n\n\n\n<p class=\"has-text-align-center\">1. Go\u015bcie po przyje\u017adzie, ale przed zakwaterowaniem zobowi\u0105zani s\u0105 odebra\u0107 Dom, tzn. sprawdzi\u0107 stan wyposa\u017cenia m.in meble, okna, kabin\u0119 prysznicow\u0105 i pozosta\u0142e urz\u0105dzenia znajduj\u0105ce si\u0119 w Domu.<\/p>\n\n\n\n<p class=\"has-text-align-center\">2. Go\u015b\u0107 ponosi ca\u0142kowit\u0105 odpowiedzialno\u015b\u0107 materialn\u0105 za wszelkiego rodzaju uszkodzenia, zniszczenia przedmiot\u00f3w wyposa\u017cenia lub urz\u0105dze\u0144 technicznych powsta\u0142e z ich winy umy\u015blnej lub nieumy\u015blnej.<\/p>\n\n\n\n<p class=\"has-text-align-center\">3. Najemca ponosi pe\u0142n\u0105 odpowiedzialno\u015b\u0107 za ewentualne szkody spowodowane przez osoby odwiedzaj\u0105ce\/niezameldowane oraz osoby im towarzysz\u0105ce.<\/p>\n\n\n\n<p class=\"has-text-align-center\">4. Za bezpiecze\u0144stwo dzieci na terenie obiektu odpowiadaj\u0105 Rodzice lub Opiekunowie.<\/p>\n\n\n\n<p class=\"has-text-align-center\">5. Go\u015b\u0107 nie mo\u017ce przekazywa\u0107, udost\u0119pnia\u0107, podnajmowa\u0107 Domu osobom trzecim; Dom nie mo\u017ce by\u0107 zamieszkany lub u\u017cytkowany przez wi\u0119ksz\u0105 ilo\u015b\u0107 os\u00f3b i dni, ani\u017celi zg\u0142oszon\u0105 przy rezerwacji i wp\u0142acie zadatku.<\/p>\n\n\n\n<p class=\"has-text-align-center\">6. Go\u015bcie odpowiadaj\u0105 finansowo za szkody powsta\u0142e z ich winy w domu w czasie ich pobytu i wyra\u017caj\u0105 zgod\u0119 na to, aby wszelkie naprawy zniszcze\u0144, uzupe\u0142nienie brak\u00f3w w wyposa\u017ceniu lub usuni\u0119cia usterek wykonane zosta\u0142y na ich koszt lub do zap\u0142aty odszkodowania w pe\u0142ni pokrywaj\u0105cego warto\u015b\u0107 poniesionych strat, najp\u00f3\u017aniej w dniu wyjazdu got\u00f3wk\u0105 do r\u0105k Wynajmuj\u0105cego lub osoby odpowiedzialnej za klucze. Wynajmuj\u0105cy uszkodzonego mienia decyduje o sposobie naprawienia szkody. W szczeg\u00f3lnych przypadkach ewentualne szkody b\u0119d\u0105 rozliczane do 7 dni po wykwaterowaniu wed\u0142ug wyceny sporz\u0105dzonej przez Wynajmuj\u0105cego na podstawie cen rynkowych. Wynajmuj\u0105cy ma prawo wystawi\u0107 Go\u015bciom faktur\u0119, kt\u00f3ra pokryje koszty zniszcze\u0144.<\/p>\n\n\n\n<p class=\"has-text-align-center\">8. Opiekunowie prawni ponosi\u0107 b\u0119d\u0105 odpowiedzialno\u015b\u0107 materialn\u0105 za wszelkie szkody przedmiot\u00f3w wyposa\u017cenia i urz\u0105dze\u0144 technicznych powsta\u0142e w wyniku dzia\u0142ania dzieci.<\/p>\n\n\n\n<p class=\"has-text-align-center\"><strong>\u00a7 5. Odpowiedzialno\u015b\u0107 Wynajmuj\u0105cego<\/strong><\/p>\n\n\n\n<p class=\"has-text-align-center\">1. Wynajmuj\u0105cy nie ponosi odpowiedzialno\u015bci za przej\u015bciowe niedogodno\u015bci wyst\u0119puj\u0105ce u niezale\u017cnych dostawc\u00f3w spowodowane np. czasowym brakiem wody, pr\u0105du, internetu itp.<\/p>\n\n\n\n<p class=\"has-text-align-center\">2. Wynajmuj\u0105cy nie ponosi odpowiedzialno\u015bci za sytuacje, awarie i ich skutki od niego niezale\u017cne.<\/p>\n\n\n\n<p class=\"has-text-align-center\">3. Wynajmuj\u0105cy nie ponosi odpowiedzialno\u015bci za uszkodzenie lub utrat\u0119 samochodu lub innego pojazdu nale\u017c\u0105cego do Go\u015bcia.<\/p>\n\n\n\n<p class=\"has-text-align-center\">4. Wynajmuj\u0105cy zastrzega sobie prawo do \u017c\u0105dania opuszczenia Domu, Go\u015bciom nie przestrzegaj\u0105cym Regulaminu, a tak\u017ce w sytuacji, gdy Go\u015bcie szczeg\u00f3lnie zak\u0142\u00f3caj\u0105 spok\u00f3j innym osobom przebywaj\u0105cym w najbli\u017cszej okolicy np. s\u0105siadom.<\/p>\n\n\n\n<p class=\"has-text-align-center\">5. Za rzeczy pozostawione w Domu Wynajmuj\u0105cy nie ponosi odpowiedzialno\u015bci. Prosimy o zachowanie nale\u017cytej staranno\u015bci zwi\u0105zanej z zamykaniem okien i drzwi w momencie opuszczania domu.<\/p>\n\n\n\n<p class=\"has-text-align-center\">6. Wynajmuj\u0105cy zastrzega sobie prawo do odwo\u0142ania rezerwacji z przyczyn losowych, niezale\u017cnych od niego, wraz ze zwrotem poniesionych koszt\u00f3w rezerwacyjnych na konto Go\u015bcia w terminie 7 dni.<\/p>\n\n\n\n<p class=\"has-text-align-center\">7. Wynajmuj\u0105cy nie ponosi odpowiedzialno\u015bci za przedmioty pozostawione przez Go\u015bci na terenie obiektu.<\/p>\n\n\n\n<p class=\"has-text-align-center\">8. Wynajmuj\u0105cy nie odpowiada za wypadki b\u0119d\u0105ce konsekwencj\u0105 nieodpowiedzialnego zachowania Go\u015bci, b\u0105d\u017a niezgodnego z Regulaminem miejsca pobytu.<\/p>\n\n\n\n<p class=\"has-text-align-center\"><strong>\u00a7 6. Zasady dotycz\u0105ce pobytu zwierz\u0105t<\/strong><\/p>\n\n\n\n<p class=\"has-text-align-center\">1. Zwierz\u0119ta w Kompleksie \u201eDomy pod Babi\u0105\u201d s\u0105 akceptowane tylko po wcze\u015bniejszym uzgodnieniu z Wynajmuj\u0105cym.<\/p>\n\n\n\n<p class=\"has-text-align-center\">2. Op\u0142ata jednorazowa to 150 z\u0142.<\/p>\n\n\n\n<p class=\"has-text-align-center\">3. Zwierzaki powinny mie\u0107 swoje legowiska.<\/p>\n\n\n\n<p class=\"has-text-align-center\">4. Pobyt psa tylko z wa\u017cnym \u015bwiadectwem szczepie\u0144. W\u0142a\u015bciciele ps\u00f3w zobowi\u0105zani s\u0105 do sprz\u0105tania terenu po swoich pupilach.<\/p>\n\n\n\n<p class=\"has-text-align-center\">5. Obecno\u015b\u0107 zwierz\u0105t nie mo\u017ce zak\u0142\u00f3ca\u0107 wypoczynku innym.<\/p>\n\n\n\n<p class=\"has-text-align-center\">6. Zwierzaki nie mog\u0105 spa\u0107 na kanapie i \u0142\u00f3\u017ckach.<\/p>\n\n\n\n<p class=\"has-text-align-center\">7. Zwierz\u0119ta nie mog\u0105 zagra\u017ca\u0107 i przeszkadza\u0107 osobom mieszkaj\u0105cym w pobli\u017cu.<\/p>\n\n\n\n<p class=\"has-text-align-center\">8. Pies na terenie o\u015brodka musi by\u0107 pod pe\u0142n\u0105 kontrol\u0105 w\u0142a\u015bciciela psa.<\/p>\n\n\n\n<p class=\"has-text-align-center\">9. Zwierz\u0119 nie mo\u017ce przebywa\u0107 samo w Domu.<\/p>\n\n\n\n<p class=\"has-text-align-center\">10. Psy musz\u0105 by\u0107 wyprowadzane na smyczy, pod opiek\u0105 w\u0142a\u015bciciela b\u0105d\u017a osoby upowa\u017cnionej.<\/p>\n\n\n\n<p class=\"has-text-align-center\">11. Psy ras uznawanych za agresywne nale\u017cy prowadzi\u0107 na smyczy i w kaga\u0144cu.<\/p>\n\n\n\n<p class=\"has-text-align-center\">12. W\u0142a\u015bciciel psa pokrywa koszty wszelkich szk\u00f3d spowodowanych przez swojego psa.<\/p>\n\n\n\n<p class=\"has-text-align-center\"><strong>\u00a7 7. Plac zabaw<\/strong><\/p>\n\n\n\n<p class=\"has-text-align-center\">1. Wynajmuj\u0105cy oddaje do u\u017cytku plac zabaw dla dzieci jednak nie ponosi odpowiedzialno\u015bci za bezpiecze\u0144stwo i zdrowie korzystaj\u0105cych z niego dzieci. Ca\u0142kowit\u0105 odpowiedzialno\u015b\u0107 ponosz\u0105 rodzice b\u0105d\u017a opiekunowie prawni.<\/p>\n\n\n\n<p class=\"has-text-align-center\"><strong>\u00a7 8. Reklamacje<\/strong><\/p>\n\n\n\n<p class=\"has-text-align-center\">1. Go\u015bcie maj\u0105 prawo zg\u0142osi\u0107 Wynajmuj\u0105cemu reklamacj\u0119 osobi\u015bcie, telefonicznie lub pisemnie.<\/p>\n\n\n\n<p class=\"has-text-align-center\">2. Reklamacje nie maj\u0105 wp\u0142ywu na termin trwaj\u0105cego pobytu i wysoko\u015b\u0107 op\u0142aty.<\/p>\n\n\n\n<p class=\"has-text-align-center\">3. Wynajmuj\u0105cy zastrzega sobie prawo do odpowiedzi na reklamacj\u0119 do 14 dni od daty zg\u0142oszenia.<\/p>\n\n\n\n<p class=\"has-text-align-center\">4. Prawem w\u0142a\u015bciwym dla spor\u00f3w pomi\u0119dzy Wynajmuj\u0105cym a Go\u015bciem jest prawo polskie. Ewentualne spory rozstrzygane b\u0119d\u0105 polubownie, a w przypadku nieporozumienia s\u0105dem w\u0142a\u015bciwym b\u0119dzie s\u0105d w\u0142a\u015bciwy dla siedziby Wynajmuj\u0105cego<\/p>\n<\/div>\n\n\n\n<div class=\"wp-block-column is-layout-flow wp-block-column-is-layout-flow\" style=\"flex-basis:10%\"><\/div>\n<\/div>\n\n\n\n<div class=\"wp-block-columns is-layout-flex wp-container-core-columns-is-layout-9d6595d7 wp-block-columns-is-layout-flex\">\n<div class=\"wp-block-column is-layout-flow wp-block-column-is-layout-flow\" style=\"flex-basis:80%\">\n<p class=\"has-text-align-center\"><\/p>\n<\/div>\n<\/div>\n","protected":false},"excerpt":{"rendered":"<div class=\"entry-summary\">\n\u00a7 1. Postanowienia og\u00f3lne 1. Niniejszy Regulamin okre\u015bla przedmiot \u015bwiadczenia us\u0142ug, odpowiedzialno\u015b\u0107 oraz zasad przebywania na terenie Kompleksu \u201eDomy pod&hellip;\n<\/div>\n<div class=\"link-more\"><a href=\"https:\/\/www.domypodbabia.pl\/index.php\/regulamin\/\" class=\"more-link\">Continue reading<span class=\"screen-reader-text\"> &ldquo;Regulamin&rdquo;<\/span>&hellip;<\/a><\/div>\n","protected":false},"author":2,"featured_media":0,"parent":0,"menu_order":0,"comment_status":"closed","ping_status":"closed","template":"","meta":{"_acf_changed":false,"_monsterinsights_skip_tracking":false,"_monsterinsights_sitenote_active":false,"_monsterinsights_sitenote_note":"","_monsterinsights_sitenote_category":0,"footnotes":""},"class_list":["post-2709","page","type-page","status-publish","hentry","entry"],"acf":[],"aioseo_notices":[],"jetpack_sharing_enabled":true,"_links":{"self":[{"href":"https:\/\/www.domypodbabia.pl\/index.php\/wp-json\/wp\/v2\/pages\/2709","targetHints":{"allow":["GET"]}}],"collection":[{"href":"https:\/\/www.domypodbabia.pl\/index.php\/wp-json\/wp\/v2\/pages"}],"about":[{"href":"https:\/\/www.domypodbabia.pl\/index.php\/wp-json\/wp\/v2\/types\/page"}],"author":[{"embeddable":true,"href":"https:\/\/www.domypodbabia.pl\/index.php\/wp-json\/wp\/v2\/users\/2"}],"replies":[{"embeddable":true,"href":"https:\/\/www.domypodbabia.pl\/index.php\/wp-json\/wp\/v2\/comments?post=2709"}],"version-history":[{"count":7,"href":"https:\/\/www.domypodbabia.pl\/index.php\/wp-json\/wp\/v2\/pages\/2709\/revisions"}],"predecessor-version":[{"id":2804,"href":"https:\/\/www.domypodbabia.pl\/index.php\/wp-json\/wp\/v2\/pages\/2709\/revisions\/2804"}],"wp:attachment":[{"href":"https:\/\/www.domypodbabia.pl\/index.php\/wp-json\/wp\/v2\/media?parent=2709"}],"curies":[{"name":"wp","href":"https:\/\/api.w.org\/{rel}","templated":true}]}}