{"id":2570,"date":"2021-11-29T04:06:48","date_gmt":"2021-11-29T02:06:48","guid":{"rendered":"http:\/\/www.domypodbabia.pl\/?page_id=2570"},"modified":"2022-01-17T00:44:36","modified_gmt":"2022-01-16T22:44:36","slug":"ceny-i-rezerwacja-online","status":"publish","type":"page","link":"https:\/\/www.domypodbabia.pl\/index.php\/ceny-i-rezerwacja-online\/","title":{"rendered":"Ceny i rezerwacja online"},"content":{"rendered":"\n<table id=\"tablepress-2\" class=\"tablepress tablepress-id-2\">\n<thead>\n<tr class=\"row-1\">\n\t<th class=\"column-1\">Okres<\/th><th class=\"column-2\">Cena<\/th><th class=\"column-3\">Uwagi<\/th>\n<\/tr>\n<\/thead>\n<tbody class=\"row-striping row-hover\">\n<tr class=\"row-2\">\n\t<td class=\"column-1\"><\/td><td class=\"column-2\">Sezon 1<\/td><td class=\"column-3\"><\/td>\n<\/tr>\n<tr class=\"row-3\">\n\t<td class=\"column-1\">\u015awi\u0119ta Wielkanocne i Bo\u017cego Narodzenia\/Weekend majowy\/Bo\u017ce Cia\u0142o<\/td><td class=\"column-2\">1500 z\u0142\/ doba<\/td><td class=\"column-3\"><\/td>\n<\/tr>\n<tr class=\"row-4\">\n\t<td class=\"column-1\"><\/td><td class=\"column-2\">Sezon 2<\/td><td class=\"column-3\"><\/td>\n<\/tr>\n<tr class=\"row-5\">\n\t<td class=\"column-1\">Pozosta\u0142y okres<\/td><td class=\"column-2\">990 z\u0142\/doba<\/td><td class=\"column-3\">Minimalny pobyt 2 doby<\/td>\n<\/tr>\n<tr class=\"row-6\">\n\t<td class=\"column-1\">Pobyty min. 7 dni 15% zni\u017cki<\/td><td class=\"column-2\"><\/td><td class=\"column-3\"><\/td>\n<\/tr>\n<tr class=\"row-7\">\n\t<td class=\"column-1\">Op\u0142ata za saun\u0119<\/td><td class=\"column-2\">200 z\u0142<\/td><td class=\"column-3\">dotyczy pobyt\u00f3w do 4 dni<\/td>\n<\/tr>\n<\/tbody>\n<\/table>\n<!-- #tablepress-2 from cache -->\n","protected":false},"excerpt":{"rendered":"<div class=\"link-more\"><a href=\"https:\/\/www.domypodbabia.pl\/index.php\/ceny-i-rezerwacja-online\/\" class=\"more-link\">Continue reading<span class=\"screen-reader-text\"> &ldquo;Ceny i rezerwacja online&rdquo;<\/span>&hellip;<\/a><\/div>\n","protected":false},"author":1,"featured_media":0,"parent":0,"menu_order":0,"comment_status":"closed","ping_status":"closed","template":"","meta":{"_acf_changed":false,"_monsterinsights_skip_tracking":false,"_monsterinsights_sitenote_active":false,"_monsterinsights_sitenote_note":"","_monsterinsights_sitenote_category":0,"footnotes":""},"class_list":["post-2570","page","type-page","status-publish","hentry","entry"],"acf":[],"aioseo_notices":[],"jetpack_sharing_enabled":true,"_links":{"self":[{"href":"https:\/\/www.domypodbabia.pl\/index.php\/wp-json\/wp\/v2\/pages\/2570","targetHints":{"allow":["GET"]}}],"collection":[{"href":"https:\/\/www.domypodbabia.pl\/index.php\/wp-json\/wp\/v2\/pages"}],"about":[{"href":"https:\/\/www.domypodbabia.pl\/index.php\/wp-json\/wp\/v2\/types\/page"}],"author":[{"embeddable":true,"href":"https:\/\/www.domypodbabia.pl\/index.php\/wp-json\/wp\/v2\/users\/1"}],"replies":[{"embeddable":true,"href":"https:\/\/www.domypodbabia.pl\/index.php\/wp-json\/wp\/v2\/comments?post=2570"}],"version-history":[{"count":2,"href":"https:\/\/www.domypodbabia.pl\/index.php\/wp-json\/wp\/v2\/pages\/2570\/revisions"}],"predecessor-version":[{"id":2596,"href":"https:\/\/www.domypodbabia.pl\/index.php\/wp-json\/wp\/v2\/pages\/2570\/revisions\/2596"}],"wp:attachment":[{"href":"https:\/\/www.domypodbabia.pl\/index.php\/wp-json\/wp\/v2\/media?parent=2570"}],"curies":[{"name":"wp","href":"https:\/\/api.w.org\/{rel}","templated":true}]}}