{"id":2545,"date":"2021-11-25T08:43:29","date_gmt":"2021-11-25T06:43:29","guid":{"rendered":"http:\/\/www.domypodbabia.pl\/?page_id=2545"},"modified":"2023-03-29T10:53:32","modified_gmt":"2023-03-29T08:53:32","slug":"okolica","status":"publish","type":"page","link":"https:\/\/www.domypodbabia.pl\/index.php\/okolica\/","title":{"rendered":"OKOLICA"},"content":{"rendered":"\n<p><br><\/p>\n\n\n\n<div class=\"wp-block-columns is-layout-flex wp-container-core-columns-is-layout-9d6595d7 wp-block-columns-is-layout-flex\">\n<div class=\"wp-block-column is-layout-flow wp-block-column-is-layout-flow\" style=\"flex-basis:10%\"><\/div>\n\n\n\n<div class=\"wp-block-column is-layout-flow wp-block-column-is-layout-flow\" style=\"flex-basis:80%\">\n<ol><li>Babiog\u00f3rski Park Narodowy &#8211;\nNa terenie Parku Narodowego opr\u00f3cz licznych szlak\u00f3w turystycznych znajduje si\u0119 6 \u015bcie\u017cek edukacyjnych\nprzybli\u017caj\u0105cych walory przyrody babiog\u00f3rskiej, jak r\u00f3wnie\u017c kultur\u0119, tradycj\u0119 i architektur\u0119\nbudowlan\u0105 mieszka\u0144c\u00f3w wsi podbabiog\u00f3rskich. Wi\u0119cej informacji temat \u015bcie\u017cek edukacyjnych\nna stronie:\nhttp:\/\/www.bgpn.pl\/turystyka\/sciezki-edukacyjne<\/li>\n<li>Szlaki turystyczne:\nSzlaki turystyczne do 3 godzin\nSzlak zielony: Zawoja Markowa &#8211; Po\u015bredni B\u00f3r &#8211; Markowe Szczawiany\nCzas przej\u015bcia: 1h 20 min.\nD\u0142ugo\u015b\u0107 trasy: 3,6 km\nSzlak zielony: G\u00f3rny P\u0142aj &#8211; Sokolica\nCzas przej\u015bcia: 45 min\nD\u0142ugo\u015b\u0107 trasy: 1,5 kmSzlak zielony: Prze\u0142\u0119cz Ja\u0142owiecka &#8211; Ma\u0142a Babia G\u00f3ra &#8211; Prze\u0142\u0119cz Brona\nCzas przej\u015bcia: 2h\nD\u0142ugo\u015b\u0107 trasy: 4 km\nSzlak zielony: Przywar\u00f3wka &#8211; G\u0142odna Woda &#8211; Diablak\nCzas przej\u015bcia: 2h 30 min.\nD\u0142ugo\u015b\u0107 trasy: 2,3 km\nSzlak \u017c\u00f3\u0142ty: Szczawiny &#8211; Sucha Kotlinka &#8211; Diablak\nCzas przej\u015bcia: 1h 30 min.\nD\u0142ugo\u015b\u0107 trasy: 3 km\nWi\u0119cej informacji o szlakach turystycznych znajdziecie Pa\u0144stwo na stronie Babiog\u00f3rskiego Parku\nNarodowego.\nhttps:\/\/www.bgpn.pl\/turystyka\/szlaki<\/li>\n<li>Szlaki rowerowe\nW okolicy znajduje si\u0119 ok. 14 km tras rowerowych o r\u00f3\u017cnym stopniu trudno\u015bci. Trasy rowerowe\nznajduj\u0105ce si\u0119 po stronie polskiej po\u0142\u0105czone s\u0105 ze stron\u0105 s\u0142owacka, na kt\u00f3rej jest dodatkowo\noko\u0142o 40 km doskona\u0142ych tras szutrowych.\nWi\u0119cej informacji o trasach rowerowych znajdziecie Pa\u0144stwo na stronach:\nhttp:\/\/www.babiagoratrails.com\nhttps:\/\/www.facebook.com\/BabiaGoraTrails\/<\/li>\n<li>Muzeum Babiog\u00f3rskiego Parku Narodowego<\/li>\n<li>Skansen w Zawoi Markowej<\/li>\n<li>Kolej linowa na Mosorny Gro\u0144<\/li>\n<li>Wodospad na Mosornym Potoku<\/li>\n<li>Kapliczka w Zawoi Policze<\/li>\n<li>Babia G\u00f3ra &#8211; najwy\u017cszy szczyt Beskid\u00f3w<\/li>\n<li>Stoki narciarskie: Mosorny Gro\u0144, Stacja Czato\u017ca<\/li><\/ol>\n<\/div>\n\n\n\n<div class=\"wp-block-column is-layout-flow wp-block-column-is-layout-flow\" style=\"flex-basis:10%\"><\/div>\n<\/div>\n\n\n\n<figure class=\"wp-block-gallery has-nested-images columns-default is-cropped wp-block-gallery-1 is-layout-flex wp-block-gallery-is-layout-flex\">\n<figure class=\"wp-block-image size-large\"><img data-recalc-dims=\"1\" loading=\"lazy\" decoding=\"async\" width=\"1024\" height=\"683\" data-id=\"2655\" src=\"https:\/\/i0.wp.com\/www.domypodbabia.pl\/wp-content\/uploads\/2022\/01\/6343273005_579b5bc42a_o.jpg?resize=1024%2C683&#038;ssl=1\" alt=\"\" class=\"wp-image-2655\" srcset=\"https:\/\/i0.wp.com\/www.domypodbabia.pl\/wp-content\/uploads\/2022\/01\/6343273005_579b5bc42a_o.jpg?resize=1024%2C683&amp;ssl=1 1024w, https:\/\/i0.wp.com\/www.domypodbabia.pl\/wp-content\/uploads\/2022\/01\/6343273005_579b5bc42a_o.jpg?resize=300%2C200&amp;ssl=1 300w, https:\/\/i0.wp.com\/www.domypodbabia.pl\/wp-content\/uploads\/2022\/01\/6343273005_579b5bc42a_o.jpg?resize=768%2C512&amp;ssl=1 768w, https:\/\/i0.wp.com\/www.domypodbabia.pl\/wp-content\/uploads\/2022\/01\/6343273005_579b5bc42a_o.jpg?w=1200&amp;ssl=1 1200w\" sizes=\"auto, (max-width: 1024px) 100vw, 1024px\" \/><\/figure>\n\n\n\n<figure class=\"wp-block-image size-large\"><img data-recalc-dims=\"1\" loading=\"lazy\" decoding=\"async\" width=\"1024\" height=\"683\" data-id=\"2656\" src=\"https:\/\/i0.wp.com\/www.domypodbabia.pl\/wp-content\/uploads\/2022\/01\/6343276227_f05025a1f6_o.jpg?resize=1024%2C683&#038;ssl=1\" alt=\"\" class=\"wp-image-2656\" srcset=\"https:\/\/i0.wp.com\/www.domypodbabia.pl\/wp-content\/uploads\/2022\/01\/6343276227_f05025a1f6_o.jpg?resize=1024%2C683&amp;ssl=1 1024w, https:\/\/i0.wp.com\/www.domypodbabia.pl\/wp-content\/uploads\/2022\/01\/6343276227_f05025a1f6_o.jpg?resize=300%2C200&amp;ssl=1 300w, https:\/\/i0.wp.com\/www.domypodbabia.pl\/wp-content\/uploads\/2022\/01\/6343276227_f05025a1f6_o.jpg?resize=768%2C512&amp;ssl=1 768w, https:\/\/i0.wp.com\/www.domypodbabia.pl\/wp-content\/uploads\/2022\/01\/6343276227_f05025a1f6_o.jpg?w=1200&amp;ssl=1 1200w\" sizes=\"auto, (max-width: 1024px) 100vw, 1024px\" \/><\/figure>\n\n\n\n<figure class=\"wp-block-image size-large\"><img data-recalc-dims=\"1\" loading=\"lazy\" decoding=\"async\" width=\"1024\" height=\"683\" data-id=\"2657\" src=\"https:\/\/i0.wp.com\/www.domypodbabia.pl\/wp-content\/uploads\/2022\/01\/6344021642_653f46d76a_o.jpg?resize=1024%2C683&#038;ssl=1\" alt=\"\" class=\"wp-image-2657\" srcset=\"https:\/\/i0.wp.com\/www.domypodbabia.pl\/wp-content\/uploads\/2022\/01\/6344021642_653f46d76a_o.jpg?resize=1024%2C683&amp;ssl=1 1024w, https:\/\/i0.wp.com\/www.domypodbabia.pl\/wp-content\/uploads\/2022\/01\/6344021642_653f46d76a_o.jpg?resize=300%2C200&amp;ssl=1 300w, https:\/\/i0.wp.com\/www.domypodbabia.pl\/wp-content\/uploads\/2022\/01\/6344021642_653f46d76a_o.jpg?resize=768%2C512&amp;ssl=1 768w, https:\/\/i0.wp.com\/www.domypodbabia.pl\/wp-content\/uploads\/2022\/01\/6344021642_653f46d76a_o.jpg?w=1200&amp;ssl=1 1200w\" sizes=\"auto, (max-width: 1024px) 100vw, 1024px\" \/><\/figure>\n\n\n\n<figure class=\"wp-block-image size-large\"><img data-recalc-dims=\"1\" loading=\"lazy\" decoding=\"async\" width=\"1024\" height=\"683\" data-id=\"2658\" src=\"https:\/\/i0.wp.com\/www.domypodbabia.pl\/wp-content\/uploads\/2022\/01\/6344025854_b579f1c956_o.jpg?resize=1024%2C683&#038;ssl=1\" alt=\"\" class=\"wp-image-2658\" srcset=\"https:\/\/i0.wp.com\/www.domypodbabia.pl\/wp-content\/uploads\/2022\/01\/6344025854_b579f1c956_o.jpg?resize=1024%2C683&amp;ssl=1 1024w, https:\/\/i0.wp.com\/www.domypodbabia.pl\/wp-content\/uploads\/2022\/01\/6344025854_b579f1c956_o.jpg?resize=300%2C200&amp;ssl=1 300w, https:\/\/i0.wp.com\/www.domypodbabia.pl\/wp-content\/uploads\/2022\/01\/6344025854_b579f1c956_o.jpg?resize=768%2C512&amp;ssl=1 768w, https:\/\/i0.wp.com\/www.domypodbabia.pl\/wp-content\/uploads\/2022\/01\/6344025854_b579f1c956_o.jpg?w=1200&amp;ssl=1 1200w\" sizes=\"auto, (max-width: 1024px) 100vw, 1024px\" \/><\/figure>\n<\/figure>\n","protected":false},"excerpt":{"rendered":"<div class=\"entry-summary\">\nBabiog\u00f3rski Park Narodowy &#8211; Na terenie Parku Narodowego opr\u00f3cz licznych szlak\u00f3w turystycznych znajduje si\u0119 6 \u015bcie\u017cek edukacyjnych przybli\u017caj\u0105cych walory przyrody&hellip;\n<\/div>\n<div class=\"link-more\"><a href=\"https:\/\/www.domypodbabia.pl\/index.php\/okolica\/\" class=\"more-link\">Continue reading<span class=\"screen-reader-text\"> &ldquo;OKOLICA&rdquo;<\/span>&hellip;<\/a><\/div>\n","protected":false},"author":1,"featured_media":0,"parent":0,"menu_order":0,"comment_status":"closed","ping_status":"closed","template":"","meta":{"_acf_changed":false,"_monsterinsights_skip_tracking":false,"_monsterinsights_sitenote_active":false,"_monsterinsights_sitenote_note":"","_monsterinsights_sitenote_category":0,"footnotes":""},"class_list":["post-2545","page","type-page","status-publish","hentry","entry"],"acf":[],"aioseo_notices":[],"jetpack_sharing_enabled":true,"_links":{"self":[{"href":"https:\/\/www.domypodbabia.pl\/index.php\/wp-json\/wp\/v2\/pages\/2545","targetHints":{"allow":["GET"]}}],"collection":[{"href":"https:\/\/www.domypodbabia.pl\/index.php\/wp-json\/wp\/v2\/pages"}],"about":[{"href":"https:\/\/www.domypodbabia.pl\/index.php\/wp-json\/wp\/v2\/types\/page"}],"author":[{"embeddable":true,"href":"https:\/\/www.domypodbabia.pl\/index.php\/wp-json\/wp\/v2\/users\/1"}],"replies":[{"embeddable":true,"href":"https:\/\/www.domypodbabia.pl\/index.php\/wp-json\/wp\/v2\/comments?post=2545"}],"version-history":[{"count":7,"href":"https:\/\/www.domypodbabia.pl\/index.php\/wp-json\/wp\/v2\/pages\/2545\/revisions"}],"predecessor-version":[{"id":2802,"href":"https:\/\/www.domypodbabia.pl\/index.php\/wp-json\/wp\/v2\/pages\/2545\/revisions\/2802"}],"wp:attachment":[{"href":"https:\/\/www.domypodbabia.pl\/index.php\/wp-json\/wp\/v2\/media?parent=2545"}],"curies":[{"name":"wp","href":"https:\/\/api.w.org\/{rel}","templated":true}]}}