{"id":2543,"date":"2021-11-25T08:39:39","date_gmt":"2021-11-25T06:39:39","guid":{"rendered":"http:\/\/www.domypodbabia.pl\/?page_id=2543"},"modified":"2022-07-19T17:03:28","modified_gmt":"2022-07-19T15:03:28","slug":"home","status":"publish","type":"page","link":"https:\/\/www.domypodbabia.pl\/","title":{"rendered":""},"content":{"rendered":"\n<div class=\"wp-block-media-text alignwide is-stacked-on-mobile\"><figure class=\"wp-block-media-text__media\"><img data-recalc-dims=\"1\" loading=\"lazy\" decoding=\"async\" width=\"867\" height=\"917\" src=\"https:\/\/i0.wp.com\/www.domypodbabia.pl\/wp-content\/uploads\/2022\/07\/fullsizeoutput_1803-1.jpeg?resize=867%2C917&#038;ssl=1\" alt=\"\" class=\"wp-image-2719 size-full\" srcset=\"https:\/\/i0.wp.com\/www.domypodbabia.pl\/wp-content\/uploads\/2022\/07\/fullsizeoutput_1803-1.jpeg?w=867&amp;ssl=1 867w, https:\/\/i0.wp.com\/www.domypodbabia.pl\/wp-content\/uploads\/2022\/07\/fullsizeoutput_1803-1.jpeg?resize=284%2C300&amp;ssl=1 284w, https:\/\/i0.wp.com\/www.domypodbabia.pl\/wp-content\/uploads\/2022\/07\/fullsizeoutput_1803-1.jpeg?resize=768%2C812&amp;ssl=1 768w\" sizes=\"auto, (max-width: 867px) 100vw, 867px\" \/><\/figure><div class=\"wp-block-media-text__content\">\n<p>Ciesz si\u0119 wyj\u0105tkowymi chwilami relaksu na \u0142onie natury.<br>Je\u017celi szukasz ucieczki od zgie\u0142ku miejskiego \u017cycia zapraszamy w magiczne miejsce gdzie b\u0119dziesz m\u00f3g\u0142 cieszy\u0107 si\u0119 chwil\u0105 relaksu, ciszy i spokoju, ws\u0142ucha\u0107 w szum drzew i cieszy\u0107 otaczaj\u0105c\u0105 przyrod\u0105.<\/p>\n\n\n\n<p><br>Nasze wyj\u0105tkowe domy zlokalizowane s\u0105 w miejscowo\u015bci Zawoja w bezpo\u015brednim s\u0105siedztwie Babiog\u00f3rskiego Parku Narodowego. Otwieraj\u0105c rano oczy b\u0119dziesz si\u0119 cieszy\u0107 wspania\u0142ym widokiem lasu i Babiej G\u00f3ry. Domy zosta\u0142y wyko\u0144czone tak, aby w pe\u0142ni harmonizowa\u0107 z otaczaj\u0105c\u0105 je natur\u0105.<\/p>\n<\/div><\/div>\n","protected":false},"excerpt":{"rendered":"<div class=\"entry-summary\">\nCiesz si\u0119 wyj\u0105tkowymi chwilami relaksu na \u0142onie natury.Je\u017celi szukasz ucieczki od zgie\u0142ku miejskiego \u017cycia zapraszamy w magiczne miejsce gdzie b\u0119dziesz&hellip;\n<\/div>\n<div class=\"link-more\"><a href=\"https:\/\/www.domypodbabia.pl\/\" class=\"more-link\">Continue reading&hellip;<\/a><\/div>\n","protected":false},"author":1,"featured_media":0,"parent":0,"menu_order":0,"comment_status":"closed","ping_status":"closed","template":"","meta":{"_acf_changed":false,"_monsterinsights_skip_tracking":false,"_monsterinsights_sitenote_active":false,"_monsterinsights_sitenote_note":"","_monsterinsights_sitenote_category":0,"footnotes":""},"class_list":["post-2543","page","type-page","status-publish","hentry","entry"],"acf":[],"aioseo_notices":[],"jetpack_sharing_enabled":true,"_links":{"self":[{"href":"https:\/\/www.domypodbabia.pl\/index.php\/wp-json\/wp\/v2\/pages\/2543","targetHints":{"allow":["GET"]}}],"collection":[{"href":"https:\/\/www.domypodbabia.pl\/index.php\/wp-json\/wp\/v2\/pages"}],"about":[{"href":"https:\/\/www.domypodbabia.pl\/index.php\/wp-json\/wp\/v2\/types\/page"}],"author":[{"embeddable":true,"href":"https:\/\/www.domypodbabia.pl\/index.php\/wp-json\/wp\/v2\/users\/1"}],"replies":[{"embeddable":true,"href":"https:\/\/www.domypodbabia.pl\/index.php\/wp-json\/wp\/v2\/comments?post=2543"}],"version-history":[{"count":19,"href":"https:\/\/www.domypodbabia.pl\/index.php\/wp-json\/wp\/v2\/pages\/2543\/revisions"}],"predecessor-version":[{"id":2735,"href":"https:\/\/www.domypodbabia.pl\/index.php\/wp-json\/wp\/v2\/pages\/2543\/revisions\/2735"}],"wp:attachment":[{"href":"https:\/\/www.domypodbabia.pl\/index.php\/wp-json\/wp\/v2\/media?parent=2543"}],"curies":[{"name":"wp","href":"https:\/\/api.w.org\/{rel}","templated":true}]}}